{"id":74,"date":"2019-07-28T13:36:01","date_gmt":"2019-07-28T13:36:01","guid":{"rendered":"http:\/\/www.jonasreusser.ch\/?page_id=74"},"modified":"2019-07-28T14:15:14","modified_gmt":"2019-07-28T14:15:14","slug":"impressum","status":"publish","type":"page","link":"https:\/\/www.jonasreusser.ch\/?page_id=74","title":{"rendered":"Impressum und Datenschutz"},"content":{"rendered":"\n<p><strong>Betreiber der\u00a0 Website:<\/strong><br>Jonas Simon Reusser &#8211; IT Consulting<br>B\u00e4lliz 31<br>3600 Thun<br><\/p>\n\n\n\n<p><\/p>\n\n\n\n<h3 class=\"wp-block-heading\">Datenschutzerkl\u00e4rung<\/h3>\n\n\n\n<p>Verantwortliche Stelle im Sinne\nder Datenschutzgesetze, insbesondere der EU-Datenschutzgrundverordnung (DSGVO),\nlautet:<\/p>\n\n\n\n<p>Jonas Reusser<br>\nB\u00e4lliz 31<br>\n3600 Thun<br>\nE-Mail: mail@jonasreusser.ch<\/p>\n\n\n\n<h3 class=\"wp-block-heading\"><strong>Welche personenbezogenen Daten\nwir sammeln und warum wir sie sammeln<\/strong><\/h3>\n\n\n\n<p>Wenn Sie auf diese Webseite\nzugreifen werden automatisch Informationen allgemeiner Natur erfasst. Diese\nInformationen werden im Server-Logfile erfasst und beinhalten die Art des\nWebbrowsers, das verwendete Betriebssystem, den Domainnamen Ihres\nInternet-Service-Providers, Ihre IP-Adresse und \u00e4hnliches.<\/p>\n\n\n\n<p>Dies aus folgendem Grund:<\/p>\n\n\n\n<ul class=\"wp-block-list\"><li>Sicherstellung\neines problemlosen Verbindungsaufbaus der Website<\/li><li>Sicherstellung\neiner reibungslosen Nutzung unserer Website<\/li><li>Auswertung\nder Systemsicherheit und -stabilit\u00e4t sowie<\/li><li>zu\nweiteren administrativen Zwecken<\/li><\/ul>\n\n\n\n<p>Ihre Daten werden nicht\nverwendet, um R\u00fcckschl\u00fcsse auf Ihre Person zu ziehen. Informationen dieser Art\nwerden lediglich statistisch ausgewertet, um unseren Internetauftritt und die\ndahinterstehende Technik zu optimieren.<\/p>\n\n\n\n<h3 class=\"wp-block-heading\"><strong>Speicherdauer<\/strong><\/h3>\n\n\n\n<p>Die Daten werden gel\u00f6scht, sobald\ndiese f\u00fcr den Zweck der Erhebung nicht mehr erforderlich sind. Dies ist f\u00fcr die\nDaten, die der Bereitstellung der Webseite dienen, grunds\u00e4tzlich der Fall, wenn\ndie jeweilige Sitzung beendet ist.<\/p>\n\n\n\n<h3 class=\"wp-block-heading\"><strong>Kommentare<\/strong><\/h3>\n\n\n\n<p>Wenn Besucher Kommentare auf der\nWebsite schreiben, sammeln wir die Daten, die im Kommentar-Formular angezeigt\nwerden, ausserdem die IP-Adresse des Besuchers und den User-Agent-String (damit\nwird der Browser identifiziert), um die Erkennung von Spam zu unterst\u00fctzen.<\/p>\n\n\n\n<p>Aus Ihrer E-Mail-Adresse kann\neine anonymisierte Zeichenfolge erstellt (auch Hash genannt) und dem\nGravatar-Dienst \u00fcbergeben werden, um zu pr\u00fcfen, ob Sie diesen benutzt. Die\nDatenschutzerkl\u00e4rung des Gravatar-Dienstes finden Sie hier:\nhttps:\/\/automattic.com\/privacy\/. Nachdem Ihr Kommentar freigegeben wurde, ist\nIhr Profilbild \u00f6ffentlich im Kontext Ihres Kommentars sichtbar.<\/p>\n\n\n\n<h3 class=\"wp-block-heading\"><strong>Medien<\/strong><\/h3>\n\n\n\n<p>Wenn Sie ein registrierter\nBenutzer sind und Fotos auf diese Website laden, sollten Sie vermeiden, Fotos\nmit einem EXIF-GPS-Standort hochzuladen. Besucher dieser Website k\u00f6nnten Fotos,\ndie auf dieser Website gespeichert sind, downloaden und deren\nStandort-Informationen extrahieren.<\/p>\n\n\n\n<h3 class=\"wp-block-heading\"><strong>Kontaktformulare<\/strong><\/h3>\n\n\n\n<p>Die von Ihnen eingegebenen Daten\nwerden zum Zweck der individuellen Kommunikation mit Ihnen gespeichert. Hierf\u00fcr\nist die Angabe einer validen E-Mail-Adresse sowie Ihres Namens erforderlich.\nDiese dient der Zuordnung der Anfrage und der anschlie\u00dfenden Beantwortung\nderselben. Die Angabe weiterer Daten ist optional.<\/p>\n\n\n\n<h3 class=\"wp-block-heading\"><strong>Cookies<\/strong><\/h3>\n\n\n\n<p>Wenn Sie einen Kommentar auf\nunserer Website schreiben, kann das eine Einwilligung sein, Ihren Namen,\nE-Mail-Adresse und Website in Cookies zu speichern. Dies ist eine\nKomfortfunktion, damit Sie nicht, wenn Sie einen weiteren Kommentar schreiben,\nall diese Daten erneut eingeben m\u00fcssen. Diese Cookies werden ein Jahr lang\ngespeichert.<\/p>\n\n\n\n<p>Falls Sie ein Konto haben und Sie\nsich auf dieser Website anmelden, werden wir ein tempor\u00e4res Cookie setzen, um\nfestzustellen, ob Ihr Browser Cookies akzeptiert. Dieses Cookie enth\u00e4lt keine\npersonenbezogenen Daten und wird verworfen, wenn Sie Ihren Browser schliessen.<\/p>\n\n\n\n<p>Wenn Sie sich anmelden, werden\nwir einige Cookies einrichten, um Ihre Anmeldeinformationen und Anzeigeoptionen\nzu speichern. Anmelde-Cookies verfallen nach zwei Tagen und Cookies f\u00fcr die\nAnzeigeoptionen nach einem Jahr. Falls Sie bei der Anmeldung \u201eAngemeldet\nbleiben\u201c ausw\u00e4hlen, wird Ihre Anmeldung zwei Wochen lang aufrechterhalten. Mit\nder Abmeldung aus Ihrem Konto werden die Anmelde-Cookies gel\u00f6scht.<\/p>\n\n\n\n<p>Wenn Sie einen Artikel bearbeiten\noder ver\u00f6ffentlichen, wird ein zus\u00e4tzlicher Cookie in Ihrem Browser\ngespeichert. Dieser Cookie enth\u00e4lt keine personenbezogenen Daten und verweist\nnur auf die Beitrags-ID des Artikels, den Sie gerade bearbeitet haben. Der\nCookie verf\u00e4llt nach einem Tag.<\/p>\n\n\n\n<h3 class=\"wp-block-heading\"><strong>Eingebettete Inhalte von anderen\nWebsites<\/strong><\/h3>\n\n\n\n<p>Beitr\u00e4ge auf dieser Website\nk\u00f6nnen eingebettete Inhalte beinhalten (z.&nbsp;B. Videos, Bilder, Beitr\u00e4ge\netc.). Eingebettete Inhalte von anderen Websites verhalten sich exakt so, als\nob der Besucher die andere Website besucht h\u00e4tte.<\/p>\n\n\n\n<p>Diese Websites k\u00f6nnen Daten \u00fcber\nSie sammeln, Cookies benutzen, zus\u00e4tzliche Tracking-Dienste von Dritten\neinbetten und Ihre Interaktion mit diesem eingebetteten Inhalt aufzeichnen,\ninklusive Ihrer Interaktion mit dem eingebetteten Inhalt, falls Sie ein Konto\nhaben und auf dieser Website angemeldet sind.<\/p>\n\n\n\n<h3 class=\"wp-block-heading\"><strong>Verwendung von Google Maps<\/strong><\/h3>\n\n\n\n<p>Auf dieser Webseite nutzen wir\ndas Angebot von Google Maps. Google Maps wird von Google LLC, 1600 Amphitheatre\nParkway, Mountain View, CA 94043, USA (nachfolgend \u201eGoogle\u201c) betrieben. Dadurch\nk\u00f6nnen wir Ihnen interaktive Karten direkt in der Webseite anzeigen und\nerm\u00f6glichen Ihnen die komfortable Nutzung der Karten-Funktion.<\/p>\n\n\n\n<p>N\u00e4here Informationen \u00fcber die Datenverarbeitung durch Google\nk\u00f6nnen Sie&nbsp;<a href=\"http:\/\/www.google.com\/privacypolicy.html\">den Google-Datenschutzhinweisen<\/a>&nbsp;entnehmen.\nDort k\u00f6nnen Sie im Datenschutzcenter auch Ihre pers\u00f6nlichen\nDatenschutz-Einstellungen ver\u00e4ndern.<\/p>\n\n\n\n<h3 class=\"wp-block-heading\"><strong>Eingebettete YouTube-Videos<\/strong><\/h3>\n\n\n\n<p>Auf einigen unserer Webseiten\nbetten wir YouTube-Videos ein. Betreiber der entsprechenden Plugins ist die\nYouTube, LLC, 901 Cherry Ave., San Bruno, CA 94066, USA (nachfolgend \u201eYouTube\u201c).\nWenn Sie eine Seite mit dem YouTube-Plugin besuchen, wird eine Verbindung zu\nServern von YouTube hergestellt. Dabei wird YouTube mitgeteilt, welche Seiten\nSie besuchen. Wenn Sie in Ihrem YouTube-Account eingeloggt sind, kann YouTube\nIhr Surfverhalten Ihnen pers\u00f6nlich zuzuordnen. Dies verhindern Sie, indem Sie\nsich vorher aus Ihrem YouTube-Account ausloggen.<\/p>\n\n\n\n<p>Wird ein YouTube-Video gestartet,\nsetzt der Anbieter Cookies ein, die Hinweise \u00fcber das Nutzerverhalten sammeln.<\/p>\n\n\n\n<h3 class=\"wp-block-heading\"><strong>Wie lange wir Ihre Daten speichern<\/strong><\/h3>\n\n\n\n<p>Wenn Sie einen Kommentar\nschreiben, wird dieser inklusive Metadaten zeitlich unbegrenzt gespeichert. Auf\ndiese Art k\u00f6nnen wir Folgekommentare automatisch erkennen und freigeben,\nanstelle sie in einer Moderations-Warteschlange festzuhalten.<\/p>\n\n\n\n<p>F\u00fcr Benutzer, die sich auf\nunserer Website registrieren, speichern wir zus\u00e4tzlich die pers\u00f6nlichen\nInformationen, die sie in ihren Benutzerprofilen angeben. Alle Benutzer k\u00f6nnen\njederzeit ihre pers\u00f6nlichen Informationen einsehen, ver\u00e4ndern oder l\u00f6schen (der\nBenutzername kann nicht ver\u00e4ndert werden). Administratoren der Website k\u00f6nnen\ndiese Informationen ebenfalls einsehen und ver\u00e4ndern.<\/p>\n\n\n\n<h3 class=\"wp-block-heading\"><strong>Welche Rechte Sie an Ihren Daten\nhaben<\/strong><\/h3>\n\n\n\n<p>Wenn Sie ein Konto auf dieser\nWebsite besitzen oder Kommentare geschrieben haben, k\u00f6nnen Sie einen Export\nIhrer personenbezogenen Daten bei uns anfordern, inklusive aller Daten, die Sie\nuns mitgeteilt haben. Dar\u00fcber hinaus k\u00f6nnen Sie die L\u00f6schung aller\npersonenbezogenen Daten, die wir von Ihnen gespeichert haben, anfordern. Dies\numfasst nicht die Daten, die wir aufgrund administrativer, rechtlicher oder\nsicherheitsrelevanter Notwendigkeiten aufbewahren m\u00fcssen.<\/p>\n\n\n\n<h3 class=\"wp-block-heading\"><strong>Wohin wir Ihre Daten senden<\/strong><\/h3>\n\n\n\n<p>Besucher-Kommentare k\u00f6nnten von\neinem automatisierten Dienst zur Spam-Erkennung untersucht werden.<\/p>\n\n\n\n<h3 class=\"wp-block-heading\"><strong>Kontakt-Informationen<\/strong><\/h3>\n\n\n\n<p>F\u00fcr datenschutzrelevante Anliegen\nwenden Sie sich bitte an:<\/p>\n\n\n\n<p>Jonas Reusser<br>\nB\u00e4lliz 31<br>\n3600 Thun<br>\nE-Mail: mail@jonasreusser.ch<\/p>\n\n\n\n<h3 class=\"wp-block-heading\"><strong>Social Plugins<\/strong><\/h3>\n\n\n\n<p>Auf unseren Webseiten werden\nSocialmedia Plugins eingesetzt.&nbsp;\u00dcber diese Plugins werden unter Umst\u00e4nden\nInformationen, zu denen auch personenbezogene Daten geh\u00f6ren k\u00f6nnen, an den\nDienstebetreiber gesendet und ggf. von diesem genutzt. Wir verhindern die\nunbewusste und ungewollte Erfassung und \u00dcbertragung von Daten an den Diensteanbieter\ndurch eine 2-Klick-L\u00f6sung. Um ein gew\u00fcnschtes Social Plugin zu aktivieren, muss\ndieses erst durch Klick auf den entsprechenden Schalter aktiviert werden. Erst\ndurch diese Aktivierung des Plugins wird auch die Erfassung von Informationen\nund deren \u00dcbertragung an den Diensteanbieter ausgel\u00f6st. Wir erfassen selbst\nkeine personenbezogenen Daten mittels der Social Plugins oder \u00fcber deren\nNutzung.<\/p>\n\n\n\n<p>Wir haben keinen Einfluss darauf,\nwelche Daten ein aktiviertes Plugin erfasst und wie diese durch den Anbieter\nverwendet werden. Derzeit muss davon ausgegangen werden, dass eine direkte\nVerbindung zu den Diensten des Anbieters ausgebaut wird sowie mindestens die\nIP-Adresse und ger\u00e4tebezogene Informationen erfasst und genutzt werden.\nEbenfalls besteht die M\u00f6glichkeit, dass die Diensteanbieter versuchen, Cookies\nauf dem verwendeten Rechner zu speichern. Welche konkreten Daten hierbei\nerfasst und wie diese genutzt werden, entnehmen Sie bitte den\nDatenschutzhinweisen des jeweiligen Diensteanbieters. Falls Sie zeitgleich bei\nFacebook angemeldet sind, kann Facebook Sie als Besucher einer bestimmten Seite\nidentifizieren.<\/p>\n\n\n\n<h3 class=\"wp-block-heading\"><strong>Wie wir Ihre Daten sch\u00fctzen<\/strong><\/h3>\n\n\n\n<h4 class=\"wp-block-heading\"><strong>SSL-Verschl\u00fcsselung<\/strong><\/h4>\n\n\n\n<p>Um die Sicherheit Ihrer Daten bei\nder \u00dcbertragung zu sch\u00fctzen, verwenden wir dem aktuellen Stand der Technik\nentsprechende Verschl\u00fcsselungsverfahren (z. B. SSL) \u00fcber HTTPS.<\/p>\n\n\n\n<h3 class=\"wp-block-heading\"><strong>\u00c4nderungen<\/strong><\/h3>\n\n\n\n<p>Wir k\u00f6nnen diese\nDatenschutzerkl\u00e4rung jederzeit ohne Vorank\u00fcndigung anpassen. Es gilt die\njeweils aktuelle, auf unserer Website publizierte Fassung.<\/p>\n\n\n\n<h3 class=\"wp-block-heading\"><strong>Fragen an den Datenschutzbeauftragten<\/strong><\/h3>\n\n\n\n<p>Wenn Sie Fragen zum Datenschutz\nhaben, schreiben Sie uns bitte eine E-Mail oder wenden Sie sich direkt an die\nf\u00fcr den Datenschutz zu Beginn der Datenschutzerkl\u00e4rung aufgef\u00fchrten,\nverantwortlichen Person in unserer Organisation.<\/p>\n\n\n\n<p><\/p>\n","protected":false},"excerpt":{"rendered":"<p>Betreiber der\u00a0 Website:Jonas Simon Reusser &#8211; IT ConsultingB\u00e4lliz 313600 Thun Datenschutzerkl\u00e4rung Verantwortliche Stelle im Sinne der Datenschutzgesetze, insbesondere der EU-Datenschutzgrundverordnung (DSGVO), lautet: Jonas Reusser B\u00e4lliz 31 3600 Thun E-Mail: mail@jonasreusser.ch Welche personenbezogenen Daten wir sammeln und warum wir sie sammeln Wenn Sie auf diese Webseite zugreifen werden automatisch Informationen allgemeiner Natur erfasst. Diese Informationen werden &hellip; <\/p>\n<p class=\"link-more\"><a href=\"https:\/\/www.jonasreusser.ch\/?page_id=74\" class=\"more-link\"><span class=\"screen-reader-text\">\u201eImpressum und Datenschutz\u201c <\/span>weiterlesen<\/a><\/p>\n","protected":false},"author":1,"featured_media":0,"parent":0,"menu_order":0,"comment_status":"closed","ping_status":"closed","template":"","meta":{"footnotes":""},"class_list":["post-74","page","type-page","status-publish","hentry"],"_links":{"self":[{"href":"https:\/\/www.jonasreusser.ch\/index.php?rest_route=\/wp\/v2\/pages\/74","targetHints":{"allow":["GET"]}}],"collection":[{"href":"https:\/\/www.jonasreusser.ch\/index.php?rest_route=\/wp\/v2\/pages"}],"about":[{"href":"https:\/\/www.jonasreusser.ch\/index.php?rest_route=\/wp\/v2\/types\/page"}],"author":[{"embeddable":true,"href":"https:\/\/www.jonasreusser.ch\/index.php?rest_route=\/wp\/v2\/users\/1"}],"replies":[{"embeddable":true,"href":"https:\/\/www.jonasreusser.ch\/index.php?rest_route=%2Fwp%2Fv2%2Fcomments&post=74"}],"version-history":[{"count":3,"href":"https:\/\/www.jonasreusser.ch\/index.php?rest_route=\/wp\/v2\/pages\/74\/revisions"}],"predecessor-version":[{"id":90,"href":"https:\/\/www.jonasreusser.ch\/index.php?rest_route=\/wp\/v2\/pages\/74\/revisions\/90"}],"wp:attachment":[{"href":"https:\/\/www.jonasreusser.ch\/index.php?rest_route=%2Fwp%2Fv2%2Fmedia&parent=74"}],"curies":[{"name":"wp","href":"https:\/\/api.w.org\/{rel}","templated":true}]}}